{"id":78,"date":"2025-08-07T19:53:16","date_gmt":"2025-08-07T19:53:16","guid":{"rendered":"https:\/\/mastamind.de\/?page_id=78"},"modified":"2025-08-07T19:59:53","modified_gmt":"2025-08-07T19:59:53","slug":"startpage","status":"publish","type":"page","link":"https:\/\/mastamind.de\/","title":{"rendered":"Random ramblings about madness"},"content":{"rendered":"\n<div class=\"wp-block-group alignwide is-layout-flow wp-container-core-group-is-layout-8a92f19b wp-block-group-is-layout-flow\"><\/div>\n\n\n\n<div class=\"wp-block-group alignwide is-style-default has-base-font-size has-global-padding is-layout-constrained wp-container-core-group-is-layout-72190d31 wp-block-group-is-layout-constrained\" style=\"margin-top:0;margin-bottom:0;padding-top:0;padding-right:0;padding-bottom:0;padding-left:0\">\n<div class=\"wp-block-query alignwide is-layout-flow wp-block-query-is-layout-flow\"><ul class=\"columns-2 wp-block-post-template is-layout-grid wp-container-core-post-template-is-layout-02493678 wp-block-post-template-is-layout-grid\"><li class=\"wp-block-post post-72 post type-post status-publish format-standard has-post-thumbnail hentry category-uncategorized\">\n\n<div class=\"wp-block-group has-lightest-background-color has-background is-vertical is-content-justification-stretch is-layout-flex wp-container-core-group-is-layout-edcecead wp-block-group-is-layout-flex\" style=\"border-radius:4px;padding-top:0;padding-right:0;padding-bottom:0;padding-left:0\">\n<div class=\"wp-block-group has-primary-to-background-gradient-background has-background is-layout-flow wp-block-group-is-layout-flow\" style=\"border-top-left-radius:4px;border-top-right-radius:4px;border-bottom-left-radius:0px;border-bottom-right-radius:0px;padding-top:0;padding-right:0;padding-bottom:0;padding-left:0\">\n<div class=\"wp-block-cover is-light has-custom-content-position is-position-top-right is-style-no-background\" style=\"border-top-left-radius:4px;border-top-right-radius:4px;border-bottom-left-radius:0px;border-bottom-right-radius:0px;padding-top:var(--wp--preset--spacing--small);padding-right:var(--wp--preset--spacing--small);padding-bottom:var(--wp--preset--spacing--small);padding-left:var(--wp--preset--spacing--small);min-height:200px;aspect-ratio:unset;\"><span aria-hidden=\"true\" class=\"wp-block-cover__background has-primary-background-color has-background-dim\"><\/span><img fetchpriority=\"high\" decoding=\"async\" width=\"750\" height=\"422\" src=\"https:\/\/mastamind.de\/wp-content\/uploads\/2025\/08\/1074132_0237_2-1.webp\" class=\"wp-block-cover__image-background wp-post-image\" alt=\"\" data-object-fit=\"cover\" srcset=\"https:\/\/mastamind.de\/wp-content\/uploads\/2025\/08\/1074132_0237_2-1.webp 750w, https:\/\/mastamind.de\/wp-content\/uploads\/2025\/08\/1074132_0237_2-1-300x169.webp 300w\" sizes=\"(max-width: 750px) 100vw, 750px\" \/><div class=\"wp-block-cover__inner-container is-layout-flow wp-block-cover-is-layout-flow\">\n<div class=\"wp-block-group has-lightest-color has-foreground-background-color has-text-color has-background has-link-color has-tiny-font-size wp-elements-63a0bbfb01fb146d890cca1777e19ab8 is-nowrap is-layout-flex wp-container-core-group-is-layout-8088c5c0 wp-block-group-is-layout-flex\" style=\"border-radius:4px;padding-top:1px;padding-right:6px;padding-bottom:1px;padding-left:6px\"><div class=\"has-link-color  wp-elements-b3d8788590af8ff37c8476bd3d04f2e5 wp-block-post-date has-text-color has-background-color has-tiny-font-size\"><time datetime=\"2025-08-07T19:38:46+00:00\">07.08.2025<\/time><\/div><\/div>\n<\/div><\/div>\n<\/div>\n\n\n\n<div class=\"wp-block-group wp-container-content-9cfa9a5a has-global-padding is-layout-constrained wp-container-core-group-is-layout-6513bb61 wp-block-group-is-layout-constrained\" style=\"margin-top:0;margin-bottom:0;padding-top:var(--wp--preset--spacing--medium);padding-right:var(--wp--preset--spacing--medium);padding-bottom:var(--wp--preset--spacing--medium);padding-left:var(--wp--preset--spacing--medium)\"><h2 class=\"wp-block-post-title has-base-font-size\"><a href=\"https:\/\/mastamind.de\/?p=72\" target=\"_self\" >Bin ich pl\u00f6tzlich ein Tech-Mogul? Oder warum wird meine Seite st\u00e4ndig gehackt?<\/a><\/h2>\n\n<div class=\"wp-block-post-excerpt\"><p class=\"wp-block-post-excerpt__excerpt\">Ich muss sagen, ich bin schwer beeindruckt. Wer h\u00e4tte gedacht, dass meine bescheidene kleine Seite derma\u00dfen interessant f\u00fcr Hacker sein k\u00f6nnte? Ich meine, wow \u2013 ich wusste nicht, dass ich pl\u00f6tzlich im digitalen Rampenlicht stehe! Wirklich, was genau erwartet ihr&hellip; <\/p><\/div>\n\n\n<div class=\"wp-block-group is-nowrap is-layout-flex wp-container-core-group-is-layout-e2d061cb wp-block-group-is-layout-flex\" style=\"margin-top:var(--wp--preset--spacing--small);margin-bottom:0\"><a style=\"font-style:normal;font-weight:500; border-radius:4px; padding-top:var(--wp--preset--spacing--small);padding-bottom:var(--wp--preset--spacing--small);padding-left:var(--wp--preset--spacing--medium);padding-right:var(--wp--preset--spacing--medium);margin-bottom:0;\" class=\"wp-block-read-more has-background has-base-background-color has-small-font-size\" href=\"https:\/\/mastamind.de\/?p=72\" target=\"_self\">Weiterlesen<span class=\"screen-reader-text\">: Bin ich pl\u00f6tzlich ein Tech-Mogul? Oder warum wird meine Seite st\u00e4ndig gehackt?<\/span><\/a><\/div>\n<\/div>\n<\/div>\n\n<\/li><li class=\"wp-block-post post-1 post type-post status-publish format-standard has-post-thumbnail hentry category-uncategorized\">\n\n<div class=\"wp-block-group has-lightest-background-color has-background is-vertical is-content-justification-stretch is-layout-flex wp-container-core-group-is-layout-edcecead wp-block-group-is-layout-flex\" style=\"border-radius:4px;padding-top:0;padding-right:0;padding-bottom:0;padding-left:0\">\n<div class=\"wp-block-group has-primary-to-background-gradient-background has-background is-layout-flow wp-block-group-is-layout-flow\" style=\"border-top-left-radius:4px;border-top-right-radius:4px;border-bottom-left-radius:0px;border-bottom-right-radius:0px;padding-top:0;padding-right:0;padding-bottom:0;padding-left:0\">\n<div class=\"wp-block-cover is-light has-custom-content-position is-position-top-right is-style-no-background\" style=\"border-top-left-radius:4px;border-top-right-radius:4px;border-bottom-left-radius:0px;border-bottom-right-radius:0px;padding-top:var(--wp--preset--spacing--small);padding-right:var(--wp--preset--spacing--small);padding-bottom:var(--wp--preset--spacing--small);padding-left:var(--wp--preset--spacing--small);min-height:200px;aspect-ratio:unset;\"><span aria-hidden=\"true\" class=\"wp-block-cover__background has-primary-background-color has-background-dim\"><\/span><img decoding=\"async\" width=\"1843\" height=\"886\" src=\"https:\/\/mastamind.de\/wp-content\/uploads\/2023\/05\/hello-world-digital-message-e1754597148286.jpg\" class=\"wp-block-cover__image-background wp-post-image\" alt=\"\" data-object-fit=\"cover\" srcset=\"https:\/\/mastamind.de\/wp-content\/uploads\/2023\/05\/hello-world-digital-message-e1754597148286.jpg 1843w, https:\/\/mastamind.de\/wp-content\/uploads\/2023\/05\/hello-world-digital-message-e1754597148286-300x144.jpg 300w, https:\/\/mastamind.de\/wp-content\/uploads\/2023\/05\/hello-world-digital-message-e1754597148286-1024x492.jpg 1024w, https:\/\/mastamind.de\/wp-content\/uploads\/2023\/05\/hello-world-digital-message-e1754597148286-768x369.jpg 768w, https:\/\/mastamind.de\/wp-content\/uploads\/2023\/05\/hello-world-digital-message-e1754597148286-1536x738.jpg 1536w\" sizes=\"(max-width: 1843px) 100vw, 1843px\" \/><div class=\"wp-block-cover__inner-container is-layout-flow wp-block-cover-is-layout-flow\">\n<div class=\"wp-block-group has-lightest-color has-foreground-background-color has-text-color has-background has-link-color has-tiny-font-size wp-elements-63a0bbfb01fb146d890cca1777e19ab8 is-nowrap is-layout-flex wp-container-core-group-is-layout-8088c5c0 wp-block-group-is-layout-flex\" style=\"border-radius:4px;padding-top:1px;padding-right:6px;padding-bottom:1px;padding-left:6px\"><div class=\"has-link-color  wp-elements-b3d8788590af8ff37c8476bd3d04f2e5 wp-block-post-date has-text-color has-background-color has-tiny-font-size\"><time datetime=\"2023-05-13T22:44:31+00:00\">13.05.2023<\/time><\/div><\/div>\n<\/div><\/div>\n<\/div>\n\n\n\n<div class=\"wp-block-group wp-container-content-9cfa9a5a has-global-padding is-layout-constrained wp-container-core-group-is-layout-6513bb61 wp-block-group-is-layout-constrained\" style=\"margin-top:0;margin-bottom:0;padding-top:var(--wp--preset--spacing--medium);padding-right:var(--wp--preset--spacing--medium);padding-bottom:var(--wp--preset--spacing--medium);padding-left:var(--wp--preset--spacing--medium)\"><h2 class=\"wp-block-post-title has-base-font-size\"><a href=\"https:\/\/mastamind.de\/?p=1\" target=\"_self\" >Hello world!<\/a><\/h2>\n\n<div class=\"wp-block-post-excerpt\"><p class=\"wp-block-post-excerpt__excerpt\">Welcome to WordPress. This is your first post. Edit or delete it, then start writing! <\/p><\/div>\n\n\n<div class=\"wp-block-group is-nowrap is-layout-flex wp-container-core-group-is-layout-e2d061cb wp-block-group-is-layout-flex\" style=\"margin-top:var(--wp--preset--spacing--small);margin-bottom:0\"><a style=\"font-style:normal;font-weight:500; border-radius:4px; padding-top:var(--wp--preset--spacing--small);padding-bottom:var(--wp--preset--spacing--small);padding-left:var(--wp--preset--spacing--medium);padding-right:var(--wp--preset--spacing--medium);margin-bottom:0;\" class=\"wp-block-read-more has-background has-base-background-color has-small-font-size\" href=\"https:\/\/mastamind.de\/?p=1\" target=\"_self\">Weiterlesen<span class=\"screen-reader-text\">: Hello world!<\/span><\/a><\/div>\n<\/div>\n<\/div>\n\n<\/li><\/ul>\n\n<\/div>\n<\/div>\n\n\n\n<div class=\"wp-block-group alignfull has-primary-background-color has-background is-layout-flow wp-block-group-is-layout-flow\" style=\"padding-top:0;padding-right:0;padding-bottom:0;padding-left:0\">\n<div class=\"wp-block-cover is-style-no-background wp-duotone-foreground-background\" style=\"margin-top:0;margin-bottom:0;min-height:614px;aspect-ratio:unset;\"><img decoding=\"async\" class=\"wp-block-cover__image-background\" alt=\"\" src=\"https:\/\/mastamind.de\/wp-content\/themes\/greyd-wp\/assets\/images\/dark-transparent-background-pattern.webp\" data-object-fit=\"cover\"\/><span aria-hidden=\"true\" class=\"wp-block-cover__background has-background-dim-70 has-background-dim wp-block-cover__gradient-background has-background-gradient has-primary-to-foreground-gradient-background\"><\/span><div class=\"wp-block-cover__inner-container has-global-padding is-layout-constrained wp-block-cover-is-layout-constrained\">\n<div class=\"wp-block-group is-content-justification-center is-nowrap is-layout-flex wp-container-core-group-is-layout-23441af8 wp-block-group-is-layout-flex\">\n<figure class=\"wp-block-image size-full is-resized wp-duotone-foreground-background\"><img decoding=\"async\" src=\"https:\/\/mastamind.de\/wp-content\/themes\/greyd-wp\/assets\/images\/greyd-logo-white.svg\" alt=\"\" style=\"width:96px\"\/><\/figure>\n<\/div>\n\n\n\n<blockquote class=\"wp-block-quote has-text-align-center is-style-plain is-layout-flow wp-block-quote-is-layout-flow is-style-plain--1\">\n<p class=\"has-text-align-center\"><strong>Willkommen bei \u201cRandom Ramblings About Madness\u201d \u2013 dem Ort, an dem Gedanken keine Richtung kennen und Logik h\u00f6flich drau\u00dfen wartet. Also <br>&nbsp;in der chaotischen Gedankenwelt eines Menschen mit zu viel Kaffee und zu wenig Schlaf!<\/strong><\/p>\n\n\n\n<p>Erwartet tiefgr\u00fcndige Einsichten? Schlechte Nachrichten: Hier gibt\u2019s nur hirnvernebelte Gedankenspr\u00fcnge, spontane Geistesausf\u00e4lle und geistige Achterbahnfahrten ohne Sicherheitsb\u00fcgel. Perfekt f\u00fcr alle, die schon immer mal wissen wollten, wie es klingt, wenn ein Gehirn gleichzeitig \u00fcber Existenz, Fr\u00fchst\u00fcckscerealien und das Paarungsverhalten von Gartenzwergen nachdenkt.<\/p>\n\n\n\n<p class=\"has-text-align-center\">Tja \u2013 und wer was Sinnvolles sucht, ist hier aus Versehen richtig.<\/p>\n<cite>Max Mustermann &#8211; Gesch\u00e4ftsf\u00fchrer<\/cite><\/blockquote>\n<\/div><\/div>\n<\/div>\n","protected":false},"excerpt":{"rendered":"","protected":false},"author":1,"featured_media":0,"parent":0,"menu_order":0,"comment_status":"open","ping_status":"closed","template":"","meta":{"footnotes":""},"class_list":["post-78","page","type-page","status-publish","hentry"],"_links":{"self":[{"href":"https:\/\/mastamind.de\/index.php?rest_route=\/wp\/v2\/pages\/78","targetHints":{"allow":["GET"]}}],"collection":[{"href":"https:\/\/mastamind.de\/index.php?rest_route=\/wp\/v2\/pages"}],"about":[{"href":"https:\/\/mastamind.de\/index.php?rest_route=\/wp\/v2\/types\/page"}],"author":[{"embeddable":true,"href":"https:\/\/mastamind.de\/index.php?rest_route=\/wp\/v2\/users\/1"}],"replies":[{"embeddable":true,"href":"https:\/\/mastamind.de\/index.php?rest_route=%2Fwp%2Fv2%2Fcomments&post=78"}],"version-history":[{"count":3,"href":"https:\/\/mastamind.de\/index.php?rest_route=\/wp\/v2\/pages\/78\/revisions"}],"predecessor-version":[{"id":81,"href":"https:\/\/mastamind.de\/index.php?rest_route=\/wp\/v2\/pages\/78\/revisions\/81"}],"wp:attachment":[{"href":"https:\/\/mastamind.de\/index.php?rest_route=%2Fwp%2Fv2%2Fmedia&parent=78"}],"curies":[{"name":"wp","href":"https:\/\/api.w.org\/{rel}","templated":true}]}}